{"id":778,"date":"2024-11-19T13:04:26","date_gmt":"2024-11-19T12:04:26","guid":{"rendered":"https:\/\/ethanielle.fr\/?post_type=product&#038;p=778"},"modified":"2026-04-09T04:31:32","modified_gmt":"2026-04-09T02:31:32","slug":"banane-bouclette","status":"publish","type":"product","link":"https:\/\/ethanielle.fr\/index.php\/produit\/banane-bouclette\/","title":{"rendered":"Banane Bouclette"},"content":{"rendered":"<p>Confectionn\u00e9e en France dans les hautes Pyr\u00e9n\u00e9es, dans un atelier artisanale. Plusieurs couleurs \u00e0 choisir !<\/p>\n","protected":false},"excerpt":{"rendered":"[video width=\"720\" height=\"1280\" mp4=\"http:\/\/ethanielle.fr\/wp-content\/uploads\/2024\/11\/banane-ethanielle-bouclette-vert-fonce-taille-M-video.mp4\"][\/video]\n<p><span class=\"html-span xexx8yu x4uap5 x18d9i69 xkhd6sd x1hl2dhg x16tdsg8 x1vvkbs x3nfvp2 x1j61x8r x1fcty0u xdj266r xat24cr xgzva0m xhhsvwb xxymvpz xlup9mm x1kky2od\"><img decoding=\"async\" class=\"xz74otr\" src=\"https:\/\/static.xx.fbcdn.net\/images\/emoji.php\/v9\/t1e\/1\/16\/1f33f.png\" alt=\"\ud83c\udf3f\" width=\"16\" height=\"16\" \/><\/span><span class=\"html-span xexx8yu x4uap5 x18d9i69 xkhd6sd x1hl2dhg x16tdsg8 x1vvkbs x3nfvp2 x1j61x8r x1fcty0u xdj266r xat24cr xgzva0m xhhsvwb xxymvpz xlup9mm x1kky2od\"><img decoding=\"async\" class=\"xz74otr\" src=\"https:\/\/static.xx.fbcdn.net\/images\/emoji.php\/v9\/tf4\/1\/16\/2728.png\" alt=\"\u2728\" width=\"16\" height=\"16\" \/><\/span> Une nouvelle \u00e9toile dans l\u2019univers Ethanielle <span class=\"html-span xexx8yu x4uap5 x18d9i69 xkhd6sd x1hl2dhg x16tdsg8 x1vvkbs x3nfvp2 x1j61x8r x1fcty0u xdj266r xat24cr xgzva0m xhhsvwb xxymvpz xlup9mm x1kky2od\"><img decoding=\"async\" class=\"xz74otr\" src=\"https:\/\/static.xx.fbcdn.net\/images\/emoji.php\/v9\/tf4\/1\/16\/2728.png\" alt=\"\u2728\" width=\"16\" height=\"16\" \/><\/span><span class=\"html-span xexx8yu x4uap5 x18d9i69 xkhd6sd x1hl2dhg x16tdsg8 x1vvkbs x3nfvp2 x1j61x8r x1fcty0u xdj266r xat24cr xgzva0m xhhsvwb xxymvpz xlup9mm x1kky2od\"><img decoding=\"async\" class=\"xz74otr\" src=\"https:\/\/static.xx.fbcdn.net\/images\/emoji.php\/v9\/t1e\/1\/16\/1f33f.png\" alt=\"\ud83c\udf3f\" width=\"16\" height=\"16\" \/><\/span> Dans un souffle d\u2019\u00e9meraude et de po\u00e9sie, notre nouvelle banane en bouclette vert fonc\u00e9 (disponible sur commande en quantit\u00e9 tr\u00e8s tr\u00e8s limit\u00e9e en Ecru \u00e9galement et beige seulement en S) fait son entr\u00e9e.<\/p>\n<p>Pens\u00e9e pour les \u00e2mes en qu\u00eate de beaut\u00e9 pratique, elle est \u00e0 la fois un compagnon de vos r\u00eaves et une \u0153uvre d\u2019art fonctionnelle. <span class=\"html-span xexx8yu x4uap5 x18d9i69 xkhd6sd x1hl2dhg x16tdsg8 x1vvkbs x3nfvp2 x1j61x8r x1fcty0u xdj266r xat24cr xgzva0m xhhsvwb xxymvpz xlup9mm x1kky2od\"><img decoding=\"async\" class=\"xz74otr\" src=\"https:\/\/static.xx.fbcdn.net\/images\/emoji.php\/v9\/tbe\/1\/16\/1f30c.png\" alt=\"\ud83c\udf0c\" width=\"16\" height=\"16\" \/><\/span> D\u00e9tails enchanteurs * Nouvelle taille M, id\u00e9ale pour vous accompagner en douceur.<\/p>\n<p>* Une mati\u00e8re en bouclette vert fonc\u00e9, \u00e9voquant la profondeur des for\u00eats mystiques.<\/p>\n<p>* Poches int\u00e9rieure et ext\u00e9rieure, pour garder vos tr\u00e9sors \u00e0 port\u00e9e de main.<\/p>\n<p>* Une sangle articul\u00e9e, r\u00e9glable et amovible, pour s\u2019adapter \u00e0 toutes vos envies.<\/p>\n<p>* Une doublure unique, issue de tissus recycl\u00e9s, toujours claire pour illuminer l\u2019int\u00e9rieur et faciliter vos recherches.<\/p>\n<p><span class=\"html-span xexx8yu x4uap5 x18d9i69 xkhd6sd x1hl2dhg x16tdsg8 x1vvkbs x3nfvp2 x1j61x8r x1fcty0u xdj266r xat24cr xgzva0m xhhsvwb xxymvpz xlup9mm x1kky2od\"><img loading=\"lazy\" decoding=\"async\" class=\"xz74otr\" src=\"https:\/\/static.xx.fbcdn.net\/images\/emoji.php\/v9\/te0\/1\/16\/1f31f.png\" alt=\"\ud83c\udf1f\" width=\"16\" height=\"16\" \/><\/span> Disponibilit\u00e9 : En quantit\u00e9 tr\u00e8s limit\u00e9e d\u00e8s aujourd\u2019hui sur Ethanielle.fr. Chaque pi\u00e8ce est unique et peut \u00eatre command\u00e9e sur mesure en diff\u00e9rentes tailles.<\/p>\n<p><span class=\"html-span xexx8yu x4uap5 x18d9i69 xkhd6sd x1hl2dhg x16tdsg8 x1vvkbs x3nfvp2 x1j61x8r x1fcty0u xdj266r xat24cr xgzva0m xhhsvwb xxymvpz xlup9mm x1kky2od\"><img decoding=\"async\" class=\"xz74otr\" src=\"https:\/\/static.xx.fbcdn.net\/images\/emoji.php\/v9\/tf4\/1\/16\/2728.png\" alt=\"\u2728\" width=\"16\" height=\"16\" \/><\/span> Ethanielle : l\u2019artisanat qui sublime vos r\u00eaves. <span class=\"html-span xexx8yu x4uap5 x18d9i69 xkhd6sd x1hl2dhg x16tdsg8 x1vvkbs x3nfvp2 x1j61x8r x1fcty0u xdj266r xat24cr xgzva0m xhhsvwb xxymvpz xlup9mm x1kky2od\"><img decoding=\"async\" class=\"xz74otr\" src=\"https:\/\/static.xx.fbcdn.net\/images\/emoji.php\/v9\/tf4\/1\/16\/2728.png\" alt=\"\u2728\" width=\"16\" height=\"16\" \/><\/span><\/p>\n<p>Si celle ci n&rsquo;est pas stock elle sera faite \u00e0 la commande (vous pouvez rajouter l&rsquo;option express \u00ab\u00a0moyen\u00a0\u00bb dans la boutique si c&rsquo;est urgent, sinon le d\u00e9lai de confection est d&rsquo;environ 1 mois)<\/p>\n<p>Vous avez le choix entre 4 tailles de bananes : S\/M\/L\/XL<\/p>\n<p>Tailles approximatives : <strong>S<\/strong> = 36 cm de large \/ 17 cm de hauteur\u00a0 \u00a0 <strong>M<\/strong>= 46 cm de large \/ 18 cm de hauteur\u00a0 \u00a0 \u00a0 \u00a0<strong>L<\/strong>=\u00a0 52 cm de large \/ 20 cm de hauteur \u00a0 <strong>\u00a0XL<\/strong>= 58 cm de large \/ 25 cm de hauteur<\/p>\n","protected":false},"featured_media":776,"comment_status":"open","ping_status":"closed","template":"","meta":[],"product_brand":[],"product_cat":[27,20,131],"product_tag":[22,142,24],"class_list":{"0":"post-778","1":"product","2":"type-product","3":"status-publish","4":"has-post-thumbnail","6":"product_cat-accessoires-mode","7":"product_cat-banane","8":"product_cat-banane-bouclette","9":"product_tag-banane","10":"product_tag-bouclette","11":"product_tag-sac","13":"first","14":"onbackorder","15":"shipping-taxable","16":"purchasable","17":"product-type-variable"},"jetpack_sharing_enabled":true,"_links":{"self":[{"href":"https:\/\/ethanielle.fr\/index.php\/wp-json\/wp\/v2\/product\/778","targetHints":{"allow":["GET"]}}],"collection":[{"href":"https:\/\/ethanielle.fr\/index.php\/wp-json\/wp\/v2\/product"}],"about":[{"href":"https:\/\/ethanielle.fr\/index.php\/wp-json\/wp\/v2\/types\/product"}],"replies":[{"embeddable":true,"href":"https:\/\/ethanielle.fr\/index.php\/wp-json\/wp\/v2\/comments?post=778"}],"wp:featuredmedia":[{"embeddable":true,"href":"https:\/\/ethanielle.fr\/index.php\/wp-json\/wp\/v2\/media\/776"}],"wp:attachment":[{"href":"https:\/\/ethanielle.fr\/index.php\/wp-json\/wp\/v2\/media?parent=778"}],"wp:term":[{"taxonomy":"product_brand","embeddable":true,"href":"https:\/\/ethanielle.fr\/index.php\/wp-json\/wp\/v2\/product_brand?post=778"},{"taxonomy":"product_cat","embeddable":true,"href":"https:\/\/ethanielle.fr\/index.php\/wp-json\/wp\/v2\/product_cat?post=778"},{"taxonomy":"product_tag","embeddable":true,"href":"https:\/\/ethanielle.fr\/index.php\/wp-json\/wp\/v2\/product_tag?post=778"}],"curies":[{"name":"wp","href":"https:\/\/api.w.org\/{rel}","templated":true}]}}