{"id":726,"date":"2024-11-16T19:32:45","date_gmt":"2024-11-16T18:32:45","guid":{"rendered":"https:\/\/ethanielle.fr\/?post_type=product&#038;p=726"},"modified":"2025-12-03T02:31:02","modified_gmt":"2025-12-03T01:31:02","slug":"boucles-doreilles-ailes-de-fee-pastel-paillettes","status":"publish","type":"product","link":"https:\/\/ethanielle.fr\/index.php\/produit\/boucles-doreilles-ailes-de-fee-pastel-paillettes\/","title":{"rendered":"Boucles d&rsquo;oreilles Ailes de F\u00e9e Pastel Paillettes"},"content":{"rendered":"<p>Fabrication artisanale dans un atelier en Hautes Pyr\u00e9n\u00e9es.<\/p>\n","protected":false},"excerpt":{"rendered":"<p>Boucles d&rsquo;oreilles brod\u00e9es \u00ab\u00a0Ailes de f\u00e9es\u00a0\u00bb avec des paillettes et des contours tout en douceur pour encore plus de magie !<\/p>\n<p>Imaginez des ailes de f\u00e9e, fr\u00e9missantes et l\u00e9g\u00e8res, captur\u00e9es dans un instant de vol. Chacune de leurs nervures, chaque nuance de couleur, est une invitation \u00e0 un r\u00eave \u00e9veill\u00e9. Ces boucles d&rsquo;oreilles sont comme une petite fen\u00eatre ouverte sur un monde enchant\u00e9, o\u00f9 les fleurs scintillent de mille feux et o\u00f9 les cr\u00e9atures f\u00e9\u00e9riques dansent au rythme des \u00e9toiles. En les portant, vous vous sentirez l\u00e9g\u00e8re comme une plume, pr\u00eate \u00e0 vous envoler vers des horizons inconnus.<\/p>\n<p>La taille de l&rsquo;aile la plus longue est de 6.5 cm et le crochet le plus long rajoute 3 cm.<\/p>\n<p>&nbsp;<\/p>\n","protected":false},"featured_media":710,"comment_status":"open","ping_status":"closed","template":"","meta":[],"product_brand":[],"product_cat":[27,132,40,134],"product_tag":[107,112,53,104,100,96,90,101,94,89,106,105,95,92,103,91,97,98,88,93,102,99],"class_list":{"0":"post-726","1":"product","2":"type-product","3":"status-publish","4":"has-post-thumbnail","6":"product_cat-accessoires-mode","7":"product_cat-ailes-de-fee","8":"product_cat-bijoux","9":"product_cat-collection-pastel-paillettes","10":"product_tag-boucles-doreilles","11":"product_tag-brille","12":"product_tag-broderie","13":"product_tag-changeant","14":"product_tag-ciel","15":"product_tag-delicatesse","16":"product_tag-enchante","17":"product_tag-etoile","18":"product_tag-evasion","19":"product_tag-feerique","20":"product_tag-foret-enchantee","21":"product_tag-jardin-secret","22":"product_tag-legerete","23":"product_tag-magique","24":"product_tag-metallique","25":"product_tag-onirique","26":"product_tag-papillon","27":"product_tag-papillonnant","28":"product_tag-pastel","29":"product_tag-reve","30":"product_tag-scintillant","31":"product_tag-vol","32":"product_shipping_class-leger","34":"first","35":"instock","36":"shipping-taxable","37":"purchasable","38":"product-type-variable"},"jetpack_sharing_enabled":true,"_links":{"self":[{"href":"https:\/\/ethanielle.fr\/index.php\/wp-json\/wp\/v2\/product\/726","targetHints":{"allow":["GET"]}}],"collection":[{"href":"https:\/\/ethanielle.fr\/index.php\/wp-json\/wp\/v2\/product"}],"about":[{"href":"https:\/\/ethanielle.fr\/index.php\/wp-json\/wp\/v2\/types\/product"}],"replies":[{"embeddable":true,"href":"https:\/\/ethanielle.fr\/index.php\/wp-json\/wp\/v2\/comments?post=726"}],"wp:featuredmedia":[{"embeddable":true,"href":"https:\/\/ethanielle.fr\/index.php\/wp-json\/wp\/v2\/media\/710"}],"wp:attachment":[{"href":"https:\/\/ethanielle.fr\/index.php\/wp-json\/wp\/v2\/media?parent=726"}],"wp:term":[{"taxonomy":"product_brand","embeddable":true,"href":"https:\/\/ethanielle.fr\/index.php\/wp-json\/wp\/v2\/product_brand?post=726"},{"taxonomy":"product_cat","embeddable":true,"href":"https:\/\/ethanielle.fr\/index.php\/wp-json\/wp\/v2\/product_cat?post=726"},{"taxonomy":"product_tag","embeddable":true,"href":"https:\/\/ethanielle.fr\/index.php\/wp-json\/wp\/v2\/product_tag?post=726"}],"curies":[{"name":"wp","href":"https:\/\/api.w.org\/{rel}","templated":true}]}}