{"id":689,"date":"2024-11-13T17:49:33","date_gmt":"2024-11-13T16:49:33","guid":{"rendered":"https:\/\/ethanielle.fr\/?post_type=product&#038;p=689"},"modified":"2025-10-26T11:54:16","modified_gmt":"2025-10-26T10:54:16","slug":"boucles-doreilles-flocons","status":"publish","type":"product","link":"https:\/\/ethanielle.fr\/index.php\/produit\/boucles-doreilles-flocons\/","title":{"rendered":"Boucles d&rsquo;oreilles Flocons"},"content":{"rendered":"<p>Fabrication artisanale dans un atelier en Hautes Pyr\u00e9n\u00e9es.<\/p>\n","protected":false},"excerpt":{"rendered":"<p>Boucles d&rsquo;oreilles Flocon brod\u00e9es.<\/p>\n<p>Imagine une paire de boucles d&rsquo;oreilles comme un secret hivernal, d\u00e9licatement suspendu aux oreilles. Elles sont brod\u00e9es avec un fil brillant qui capte la lumi\u00e8re comme une neige fra\u00eeche sous le soleil de l&rsquo;aube. Chaque boucle est une miniature de flocon, fig\u00e9e dans sa perfection \u00e9ph\u00e9m\u00e8re, sym\u00e9trique et unique, comme si un morceau du ciel glac\u00e9 s&rsquo;\u00e9tait pos\u00e9 l\u00e0 pour raconter l\u2019hiver.<\/p>\n<p>Les cristaux d\u00e9licats s\u2019entrelacent en motifs d\u2019arabesques, composant une dentelle fine, presque immat\u00e9rielle. Au centre, un minuscule \u00e9clat d\u2019opale bleut\u00e9e rappelle la profondeur des nuits de d\u00e9cembre. Lorsqu&rsquo;elles bougent, un l\u00e9ger tintement semble murmurer des histoires de for\u00eats givr\u00e9es et de montagnes baign\u00e9es de silence.<\/p>\n<p>Ces boucles d\u2019oreilles sont des fragments de r\u00eave, des flocons \u00e9ternels qui ne fondront jamais, offrant \u00e0 leur porteur la magie d\u2019un hiver sans fin.<\/p>\n<p>La taille des flocons est de 4 cm de hauteur et avec le crochet la boucle fait 6 cm. Crochet en acier inoxydable.<\/p>\n","protected":false},"featured_media":688,"comment_status":"open","ping_status":"closed","template":"","meta":[],"product_brand":[],"product_cat":[27,40,141,18],"product_tag":[129,122,125,123,114,52,118,81,113,128,116,120,127,115,58,119,121,126,117,124],"class_list":{"0":"post-689","1":"product","2":"type-product","3":"status-publish","4":"has-post-thumbnail","6":"product_cat-accessoires-mode","7":"product_cat-bijoux","8":"product_cat-flocons","9":"product_cat-non-classe","10":"product_tag-artisanathiver","11":"product_tag-bijouartisanal","12":"product_tag-bijoubrode","13":"product_tag-bijoufeerique","14":"product_tag-bijouhiver","15":"product_tag-bijoux","16":"product_tag-bijouxoniriques","17":"product_tag-bleu","18":"product_tag-bouclesdoreillesflocon","19":"product_tag-cristauxeternels","20":"product_tag-dentellecristalline","21":"product_tag-eclatsdargent","22":"product_tag-elegancenordique","23":"product_tag-espritnordique","24":"product_tag-ethanielle","25":"product_tag-flocondeneige","26":"product_tag-inspirationnature","27":"product_tag-lumierehivernale","28":"product_tag-magiedelhiver","29":"product_tag-opalebleutee","31":"first","32":"instock","33":"shipping-taxable","34":"purchasable","35":"product-type-variable"},"jetpack_sharing_enabled":true,"_links":{"self":[{"href":"https:\/\/ethanielle.fr\/index.php\/wp-json\/wp\/v2\/product\/689","targetHints":{"allow":["GET"]}}],"collection":[{"href":"https:\/\/ethanielle.fr\/index.php\/wp-json\/wp\/v2\/product"}],"about":[{"href":"https:\/\/ethanielle.fr\/index.php\/wp-json\/wp\/v2\/types\/product"}],"replies":[{"embeddable":true,"href":"https:\/\/ethanielle.fr\/index.php\/wp-json\/wp\/v2\/comments?post=689"}],"wp:featuredmedia":[{"embeddable":true,"href":"https:\/\/ethanielle.fr\/index.php\/wp-json\/wp\/v2\/media\/688"}],"wp:attachment":[{"href":"https:\/\/ethanielle.fr\/index.php\/wp-json\/wp\/v2\/media?parent=689"}],"wp:term":[{"taxonomy":"product_brand","embeddable":true,"href":"https:\/\/ethanielle.fr\/index.php\/wp-json\/wp\/v2\/product_brand?post=689"},{"taxonomy":"product_cat","embeddable":true,"href":"https:\/\/ethanielle.fr\/index.php\/wp-json\/wp\/v2\/product_cat?post=689"},{"taxonomy":"product_tag","embeddable":true,"href":"https:\/\/ethanielle.fr\/index.php\/wp-json\/wp\/v2\/product_tag?post=689"}],"curies":[{"name":"wp","href":"https:\/\/api.w.org\/{rel}","templated":true}]}}