{"id":499,"date":"2024-11-08T19:10:42","date_gmt":"2024-11-08T18:10:42","guid":{"rendered":"https:\/\/ethanielle.fr\/?post_type=product&#038;p=499"},"modified":"2025-09-10T14:20:35","modified_gmt":"2025-09-10T12:20:35","slug":"corset-renaissance-romantique-nature-pastel-txl","status":"publish","type":"product","link":"https:\/\/ethanielle.fr\/index.php\/produit\/corset-renaissance-romantique-nature-pastel-txl\/","title":{"rendered":"Corset renaissance romantique nature pastel TXL"},"content":{"rendered":"<p>Fabrication artisanal dans les Hautes Pyr\u00e9n\u00e9es.<\/p>\n","protected":false},"excerpt":{"rendered":"<p>Corset couvrant renaissance en toile coton \u00e9crue imprim\u00e9 fleurs et nature pastel et coton uni vieux rose. Il est balein\u00e9 mais reste agr\u00e9able \u00e0 porter. R\u00e9versible.<br \/>\nCet exemplaire est disponible rapidement en taille XL (tour de poitrine entre 94 et 100 et de taille entre 76 et 82 cm).<\/p>\n<p>&nbsp;<\/p>\n","protected":false},"featured_media":476,"comment_status":"closed","ping_status":"closed","template":"","meta":[],"product_brand":[],"product_cat":[31,41],"product_tag":[67,71,73,69,58,55,87,85,88,68,84,80,86],"class_list":{"0":"post-499","1":"product","2":"type-product","3":"status-publish","4":"has-post-thumbnail","6":"product_cat-corsets","7":"product_cat-renaissance","8":"product_tag-corset","9":"product_tag-coton","10":"product_tag-cottagecore","11":"product_tag-couvrant","12":"product_tag-ethanielle","13":"product_tag-fleur","14":"product_tag-nature","15":"product_tag-oiseaux","16":"product_tag-pastel","17":"product_tag-renaissance","18":"product_tag-reversible","19":"product_tag-rose","20":"product_tag-vieux-rose","21":"product_shipping_class-leger","23":"first","24":"outofstock","25":"shipping-taxable","26":"purchasable","27":"product-type-simple"},"jetpack_sharing_enabled":true,"_links":{"self":[{"href":"https:\/\/ethanielle.fr\/index.php\/wp-json\/wp\/v2\/product\/499","targetHints":{"allow":["GET"]}}],"collection":[{"href":"https:\/\/ethanielle.fr\/index.php\/wp-json\/wp\/v2\/product"}],"about":[{"href":"https:\/\/ethanielle.fr\/index.php\/wp-json\/wp\/v2\/types\/product"}],"replies":[{"embeddable":true,"href":"https:\/\/ethanielle.fr\/index.php\/wp-json\/wp\/v2\/comments?post=499"}],"wp:featuredmedia":[{"embeddable":true,"href":"https:\/\/ethanielle.fr\/index.php\/wp-json\/wp\/v2\/media\/476"}],"wp:attachment":[{"href":"https:\/\/ethanielle.fr\/index.php\/wp-json\/wp\/v2\/media?parent=499"}],"wp:term":[{"taxonomy":"product_brand","embeddable":true,"href":"https:\/\/ethanielle.fr\/index.php\/wp-json\/wp\/v2\/product_brand?post=499"},{"taxonomy":"product_cat","embeddable":true,"href":"https:\/\/ethanielle.fr\/index.php\/wp-json\/wp\/v2\/product_cat?post=499"},{"taxonomy":"product_tag","embeddable":true,"href":"https:\/\/ethanielle.fr\/index.php\/wp-json\/wp\/v2\/product_tag?post=499"}],"curies":[{"name":"wp","href":"https:\/\/api.w.org\/{rel}","templated":true}]}}