{"id":498,"date":"2024-11-08T19:04:25","date_gmt":"2024-11-08T18:04:25","guid":{"rendered":"https:\/\/ethanielle.fr\/?post_type=product&#038;p=498"},"modified":"2025-09-10T14:25:37","modified_gmt":"2025-09-10T12:25:37","slug":"corset-renaissance-velours-bleu-txl","status":"publish","type":"product","link":"https:\/\/ethanielle.fr\/index.php\/produit\/corset-renaissance-velours-bleu-txl\/","title":{"rendered":"Corset renaissance velours bleu TXL"},"content":{"rendered":"<p>Fabrication artisanal dans les Hautes Pyr\u00e9n\u00e9es.<\/p>\n","protected":false},"excerpt":{"rendered":"<p>Corset couvrant renaissance en velours bleu imprim\u00e9 fleurs et oiseaux et soie bleu \u00e0 motif fleuri. Il est balein\u00e9 mais reste agr\u00e9able \u00e0 porter. R\u00e9versible.<br \/>\nCet exemplaire est disponible rapidement en taille XL (tour de poitrine entre 94 et 100 et de taille entre 76 et 82 cm).<\/p>\n<p>&nbsp;<\/p>\n","protected":false},"featured_media":463,"comment_status":"closed","ping_status":"closed","template":"","meta":[],"product_brand":[],"product_cat":[31,41],"product_tag":[81,67,71,73,69,58,55,85,68,84,70,74],"class_list":{"0":"post-498","1":"product","2":"type-product","3":"status-publish","4":"has-post-thumbnail","6":"product_cat-corsets","7":"product_cat-renaissance","8":"product_tag-bleu","9":"product_tag-corset","10":"product_tag-coton","11":"product_tag-cottagecore","12":"product_tag-couvrant","13":"product_tag-ethanielle","14":"product_tag-fleur","15":"product_tag-oiseaux","16":"product_tag-renaissance","17":"product_tag-reversible","18":"product_tag-soie","19":"product_tag-velours","20":"product_shipping_class-leger","22":"first","23":"instock","24":"shipping-taxable","25":"purchasable","26":"product-type-simple"},"jetpack_sharing_enabled":true,"_links":{"self":[{"href":"https:\/\/ethanielle.fr\/index.php\/wp-json\/wp\/v2\/product\/498","targetHints":{"allow":["GET"]}}],"collection":[{"href":"https:\/\/ethanielle.fr\/index.php\/wp-json\/wp\/v2\/product"}],"about":[{"href":"https:\/\/ethanielle.fr\/index.php\/wp-json\/wp\/v2\/types\/product"}],"replies":[{"embeddable":true,"href":"https:\/\/ethanielle.fr\/index.php\/wp-json\/wp\/v2\/comments?post=498"}],"wp:featuredmedia":[{"embeddable":true,"href":"https:\/\/ethanielle.fr\/index.php\/wp-json\/wp\/v2\/media\/463"}],"wp:attachment":[{"href":"https:\/\/ethanielle.fr\/index.php\/wp-json\/wp\/v2\/media?parent=498"}],"wp:term":[{"taxonomy":"product_brand","embeddable":true,"href":"https:\/\/ethanielle.fr\/index.php\/wp-json\/wp\/v2\/product_brand?post=498"},{"taxonomy":"product_cat","embeddable":true,"href":"https:\/\/ethanielle.fr\/index.php\/wp-json\/wp\/v2\/product_cat?post=498"},{"taxonomy":"product_tag","embeddable":true,"href":"https:\/\/ethanielle.fr\/index.php\/wp-json\/wp\/v2\/product_tag?post=498"}],"curies":[{"name":"wp","href":"https:\/\/api.w.org\/{rel}","templated":true}]}}