{"id":495,"date":"2024-11-08T18:34:36","date_gmt":"2024-11-08T17:34:36","guid":{"rendered":"https:\/\/ethanielle.fr\/?post_type=product&#038;p=495"},"modified":"2025-09-10T14:26:22","modified_gmt":"2025-09-10T12:26:22","slug":"corset-renaissance-velours-rouge-rock-ts","status":"publish","type":"product","link":"https:\/\/ethanielle.fr\/index.php\/produit\/corset-renaissance-velours-rouge-rock-ts\/","title":{"rendered":"Corset renaissance velours rouge rock TS"},"content":{"rendered":"<p>Fabrication artisanal dans les Hautes Pyr\u00e9n\u00e9es.<\/p>\n","protected":false},"excerpt":{"rendered":"<p>Corset couvrant renaissance en velours rouge \u00e9cossais imprim\u00e9 rock et coton \u00e9cru imprim\u00e9 rock. Il est balein\u00e9 mais reste agr\u00e9able \u00e0 porter. R\u00e9versible.<br \/>\nCet exemplaire est disponible rapidement en taille S (tour de poitrine entre 82 et 88 et de taille entre 64 et 70 cm).<\/p>\n<p>&nbsp;<\/p>\n","protected":false},"featured_media":480,"comment_status":"closed","ping_status":"closed","template":"","meta":[],"product_brand":[],"product_cat":[31,41],"product_tag":[67,71,73,69,58,68,75,76,74],"class_list":{"0":"post-495","1":"product","2":"type-product","3":"status-publish","4":"has-post-thumbnail","6":"product_cat-corsets","7":"product_cat-renaissance","8":"product_tag-corset","9":"product_tag-coton","10":"product_tag-cottagecore","11":"product_tag-couvrant","12":"product_tag-ethanielle","13":"product_tag-renaissance","14":"product_tag-rock","15":"product_tag-rouge","16":"product_tag-velours","17":"product_shipping_class-leger","19":"first","20":"instock","21":"shipping-taxable","22":"purchasable","23":"product-type-simple"},"jetpack_sharing_enabled":true,"_links":{"self":[{"href":"https:\/\/ethanielle.fr\/index.php\/wp-json\/wp\/v2\/product\/495","targetHints":{"allow":["GET"]}}],"collection":[{"href":"https:\/\/ethanielle.fr\/index.php\/wp-json\/wp\/v2\/product"}],"about":[{"href":"https:\/\/ethanielle.fr\/index.php\/wp-json\/wp\/v2\/types\/product"}],"replies":[{"embeddable":true,"href":"https:\/\/ethanielle.fr\/index.php\/wp-json\/wp\/v2\/comments?post=495"}],"wp:featuredmedia":[{"embeddable":true,"href":"https:\/\/ethanielle.fr\/index.php\/wp-json\/wp\/v2\/media\/480"}],"wp:attachment":[{"href":"https:\/\/ethanielle.fr\/index.php\/wp-json\/wp\/v2\/media?parent=495"}],"wp:term":[{"taxonomy":"product_brand","embeddable":true,"href":"https:\/\/ethanielle.fr\/index.php\/wp-json\/wp\/v2\/product_brand?post=495"},{"taxonomy":"product_cat","embeddable":true,"href":"https:\/\/ethanielle.fr\/index.php\/wp-json\/wp\/v2\/product_cat?post=495"},{"taxonomy":"product_tag","embeddable":true,"href":"https:\/\/ethanielle.fr\/index.php\/wp-json\/wp\/v2\/product_tag?post=495"}],"curies":[{"name":"wp","href":"https:\/\/api.w.org\/{rel}","templated":true}]}}