{"id":494,"date":"2024-11-08T18:28:38","date_gmt":"2024-11-08T17:28:38","guid":{"rendered":"https:\/\/ethanielle.fr\/?post_type=product&#038;p=494"},"modified":"2025-09-10T14:26:37","modified_gmt":"2025-09-10T12:26:37","slug":"corset-renaissance-ecru-fleuri-ts","status":"publish","type":"product","link":"https:\/\/ethanielle.fr\/index.php\/produit\/corset-renaissance-ecru-fleuri-ts\/","title":{"rendered":"Corset renaissance Ecru fleuri sur commande"},"content":{"rendered":"<p>Fabrication artisanal dans les Hautes Pyr\u00e9n\u00e9es.<\/p>\n","protected":false},"excerpt":{"rendered":"<p>Corset couvrant renaissance en coton \u00e9cru fleuri et soie rose fleuri. Il est balein\u00e9 mais reste agr\u00e9able \u00e0 porter. R\u00e9versible.<\/p>\n<p>Actuellement sur commande avec un d\u00e9lais de 2 mois. Envoyez vos mensurations et je vous le ferai \u00e0 votre taille !<br \/>\nExemple en taille S (tour de poitrine entre 82 et 88 et de taille entre 64 et 70 cm).<\/p>\n<p>&nbsp;<\/p>\n","protected":false},"featured_media":470,"comment_status":"closed","ping_status":"closed","template":"","meta":[],"product_brand":[],"product_cat":[31,41],"product_tag":[67,71,73,69,58,72,68,70],"class_list":{"0":"post-494","1":"product","2":"type-product","3":"status-publish","4":"has-post-thumbnail","6":"product_cat-corsets","7":"product_cat-renaissance","8":"product_tag-corset","9":"product_tag-coton","10":"product_tag-cottagecore","11":"product_tag-couvrant","12":"product_tag-ethanielle","13":"product_tag-fleuri","14":"product_tag-renaissance","15":"product_tag-soie","16":"product_shipping_class-leger","18":"first","19":"onbackorder","20":"shipping-taxable","21":"purchasable","22":"product-type-simple"},"jetpack_sharing_enabled":true,"_links":{"self":[{"href":"https:\/\/ethanielle.fr\/index.php\/wp-json\/wp\/v2\/product\/494","targetHints":{"allow":["GET"]}}],"collection":[{"href":"https:\/\/ethanielle.fr\/index.php\/wp-json\/wp\/v2\/product"}],"about":[{"href":"https:\/\/ethanielle.fr\/index.php\/wp-json\/wp\/v2\/types\/product"}],"replies":[{"embeddable":true,"href":"https:\/\/ethanielle.fr\/index.php\/wp-json\/wp\/v2\/comments?post=494"}],"wp:featuredmedia":[{"embeddable":true,"href":"https:\/\/ethanielle.fr\/index.php\/wp-json\/wp\/v2\/media\/470"}],"wp:attachment":[{"href":"https:\/\/ethanielle.fr\/index.php\/wp-json\/wp\/v2\/media?parent=494"}],"wp:term":[{"taxonomy":"product_brand","embeddable":true,"href":"https:\/\/ethanielle.fr\/index.php\/wp-json\/wp\/v2\/product_brand?post=494"},{"taxonomy":"product_cat","embeddable":true,"href":"https:\/\/ethanielle.fr\/index.php\/wp-json\/wp\/v2\/product_cat?post=494"},{"taxonomy":"product_tag","embeddable":true,"href":"https:\/\/ethanielle.fr\/index.php\/wp-json\/wp\/v2\/product_tag?post=494"}],"curies":[{"name":"wp","href":"https:\/\/api.w.org\/{rel}","templated":true}]}}