{"id":402,"date":"2024-11-02T20:13:35","date_gmt":"2024-11-02T19:13:35","guid":{"rendered":"https:\/\/ethanielle.fr\/?post_type=product&#038;p=402"},"modified":"2024-11-08T10:32:03","modified_gmt":"2024-11-08T09:32:03","slug":"option-express","status":"publish","type":"product","link":"https:\/\/ethanielle.fr\/index.php\/produit\/option-express\/","title":{"rendered":"Option Express"},"content":{"rendered":"<p>Si vous avez un doute sur quelle option choisir en fonction de votre produit, c&rsquo;est une liste non exhaustive qui est surtout en fonction de la taille du produit, en cas de doute n&rsquo;h\u00e9sitez pas \u00e0 nous contacter \ud83d\ude09<\/p>\n<p>&nbsp;<\/p>\n","protected":false},"excerpt":{"rendered":"<p>Ajoutez cette option \u00e0 votre panier si vous souhaitez que votre commande soit confectionn\u00e9e en priorit\u00e9 et envoy\u00e9e au plus vite.<\/p>\n","protected":false},"featured_media":406,"comment_status":"closed","ping_status":"closed","template":"","meta":[],"product_brand":[],"product_cat":[65],"product_tag":[],"class_list":{"0":"post-402","1":"product","2":"type-product","3":"status-publish","4":"has-post-thumbnail","6":"product_cat-option-express","7":"product_shipping_class-option-express","9":"first","10":"instock","11":"shipping-taxable","12":"purchasable","13":"product-type-variable"},"jetpack_sharing_enabled":true,"_links":{"self":[{"href":"https:\/\/ethanielle.fr\/index.php\/wp-json\/wp\/v2\/product\/402","targetHints":{"allow":["GET"]}}],"collection":[{"href":"https:\/\/ethanielle.fr\/index.php\/wp-json\/wp\/v2\/product"}],"about":[{"href":"https:\/\/ethanielle.fr\/index.php\/wp-json\/wp\/v2\/types\/product"}],"replies":[{"embeddable":true,"href":"https:\/\/ethanielle.fr\/index.php\/wp-json\/wp\/v2\/comments?post=402"}],"wp:featuredmedia":[{"embeddable":true,"href":"https:\/\/ethanielle.fr\/index.php\/wp-json\/wp\/v2\/media\/406"}],"wp:attachment":[{"href":"https:\/\/ethanielle.fr\/index.php\/wp-json\/wp\/v2\/media?parent=402"}],"wp:term":[{"taxonomy":"product_brand","embeddable":true,"href":"https:\/\/ethanielle.fr\/index.php\/wp-json\/wp\/v2\/product_brand?post=402"},{"taxonomy":"product_cat","embeddable":true,"href":"https:\/\/ethanielle.fr\/index.php\/wp-json\/wp\/v2\/product_cat?post=402"},{"taxonomy":"product_tag","embeddable":true,"href":"https:\/\/ethanielle.fr\/index.php\/wp-json\/wp\/v2\/product_tag?post=402"}],"curies":[{"name":"wp","href":"https:\/\/api.w.org\/{rel}","templated":true}]}}