{"id":336,"date":"2024-11-02T19:36:18","date_gmt":"2024-11-02T18:36:18","guid":{"rendered":"https:\/\/ethanielle.fr\/?post_type=product&#038;p=336"},"modified":"2025-04-16T15:27:23","modified_gmt":"2025-04-16T13:27:23","slug":"mantaines-manchette-mitaine-transformable","status":"publish","type":"product","link":"https:\/\/ethanielle.fr\/index.php\/produit\/mantaines-manchette-mitaine-transformable\/","title":{"rendered":"Mantaines personnalisables"},"content":{"rendered":"<p>Fabrication artisanale dans un atelier en Haute Pyr\u00e9n\u00e9es. Ces mantaines sont confectionn\u00e9es \u00e0 la commande, aussi un d\u00e9lais de fabrication de 4 \u00e0 5 jours peut \u00eatre appliqu\u00e9. Si c&rsquo;est une commande urgente ajouter l<a href=\"https:\/\/ethanielle.fr\/index.php\/produit\/option-express\/\">&lsquo;option express<\/a> \u00e0 votre panier.<\/p>\n<p>Edit du 26\/11\/24 : Le d\u00e9lais de confection actuel est de 8 \u00e0 10 jours.<\/p>\n","protected":false},"excerpt":{"rendered":"<p><strong>Les Mantaines : l\u2019alliance parfaite entre mitaines et manchettes !<\/strong><\/p>\n<p>Polyvalentes et pratiques, les Mantaines se portent de 4 fa\u00e7ons diff\u00e9rentes selon vos besoins et la m\u00e9t\u00e9o. Elles gardent vos mains bien au chaud tout en laissant vos doigts libres pour plus de confort et de libert\u00e9.<\/p>\n<p><strong>100% personnalisables : cr\u00e9ez vos Mantaines uniques !<\/strong><br \/>\n\ud83d\udc49 <strong>Choisissez vos r\u00e9f\u00e9rences<\/strong> :<\/p>\n<ul>\n<li>Parcourez les photos et s\u00e9lectionnez la lettre correspondant \u00e0 la moumoutte (sherpa).<\/li>\n<li>Choisissez le chiffre correspondant au jersey torsad\u00e9.<\/li>\n<li>Indiquez vos choix dans les menus d\u00e9roulants et commandez !<\/li>\n<\/ul>\n<p>Pour une cr\u00e9ation qui vous ressemble, alliez style et chaleur avec les Mantaines ! Si vous avez du mal \u00e0 vous d\u00e9cider : rdv ici c&rsquo;est tout pr\u00eat !<\/p>\n<p>Et retrouvez \u00e9galement les snoods assortis personnalisables <a href=\"https:\/\/ethanielle.fr\/index.php\/produit\/snood\/\">ici<\/a>.<\/p>\n<p>Laissez la magie op\u00e9rer, et retrouvez toutes nos d\u00e9monstrations en vid\u00e9o sur Instagram, Facebook ou TikTok. Ajoutez une touche d\u2019enchantement \u00e0 vos journ\u00e9es d\u2019hiver avec les Mantaines d\u2019Ethanielle. \ud83c\udf19<\/p>\n","protected":false},"featured_media":346,"comment_status":"open","ping_status":"closed","template":"","meta":[],"product_brand":[],"product_cat":[27,38],"product_tag":[58,63,64,62,57,61,59,60],"class_list":{"0":"post-336","1":"product","2":"type-product","3":"status-publish","4":"has-post-thumbnail","6":"product_cat-accessoires-mode","7":"product_cat-mantaines","8":"product_tag-ethanielle","9":"product_tag-hivers","10":"product_tag-mains","11":"product_tag-manchette","12":"product_tag-mantaine","13":"product_tag-mitaine","14":"product_tag-moumoute","15":"product_tag-sherpa","16":"product_shipping_class-leger","18":"first","19":"instock","20":"shipping-taxable","21":"purchasable","22":"product-type-variable"},"jetpack_sharing_enabled":true,"_links":{"self":[{"href":"https:\/\/ethanielle.fr\/index.php\/wp-json\/wp\/v2\/product\/336","targetHints":{"allow":["GET"]}}],"collection":[{"href":"https:\/\/ethanielle.fr\/index.php\/wp-json\/wp\/v2\/product"}],"about":[{"href":"https:\/\/ethanielle.fr\/index.php\/wp-json\/wp\/v2\/types\/product"}],"replies":[{"embeddable":true,"href":"https:\/\/ethanielle.fr\/index.php\/wp-json\/wp\/v2\/comments?post=336"}],"wp:featuredmedia":[{"embeddable":true,"href":"https:\/\/ethanielle.fr\/index.php\/wp-json\/wp\/v2\/media\/346"}],"wp:attachment":[{"href":"https:\/\/ethanielle.fr\/index.php\/wp-json\/wp\/v2\/media?parent=336"}],"wp:term":[{"taxonomy":"product_brand","embeddable":true,"href":"https:\/\/ethanielle.fr\/index.php\/wp-json\/wp\/v2\/product_brand?post=336"},{"taxonomy":"product_cat","embeddable":true,"href":"https:\/\/ethanielle.fr\/index.php\/wp-json\/wp\/v2\/product_cat?post=336"},{"taxonomy":"product_tag","embeddable":true,"href":"https:\/\/ethanielle.fr\/index.php\/wp-json\/wp\/v2\/product_tag?post=336"}],"curies":[{"name":"wp","href":"https:\/\/api.w.org\/{rel}","templated":true}]}}