{"id":270,"date":"2024-10-29T15:44:14","date_gmt":"2024-10-29T14:44:14","guid":{"rendered":"https:\/\/ethanielle.fr\/?post_type=product&#038;p=270"},"modified":"2026-04-13T18:21:02","modified_gmt":"2026-04-13T16:21:02","slug":"underbust-fleur-de-cerisier","status":"publish","type":"product","link":"https:\/\/ethanielle.fr\/index.php\/produit\/underbust-fleur-de-cerisier\/","title":{"rendered":"Underbust Fleur de Cerisier"},"content":{"rendered":"<p>Fabrication artisanale dans un atelier en Hautes Pyr\u00e9n\u00e9es.<\/p>\n","protected":false},"excerpt":{"rendered":"<div class=\"woocommerce-product-details__short-description\">\n<p>Corset underbust (sous poitrine) dans un style \u00ab Fleur de cerisier\u00bb.<\/p>\n<p>Tissu velours ras imprim\u00e9 fleur de cerisier, la\u00e7age en satin rose, r\u00e9hauss\u00e9 d&rsquo;un biais coton rose clair.<\/p>\n<p>Fermeture \u00e0 Busc devant et la\u00e7age au dos. Hauteur du corset : devant : 26 cm, dos : 19.7 cm.<\/p>\n<p>La taille M mesure environ 86 cm de tour, il pourra \u00eatre port\u00e9 avec un tour de taille allant de 83 cm (comme le mod\u00e8le sur la photo port\u00e9) \u00e0 96 cm environ (bien s\u00fbr cela d\u00e9pend de votre morphologie mais le la\u00e7age au dos permet d\u2019ajuster au mieux)<\/p>\n<p>La taille S mesure environ 65 cm de tour, il pourra \u00eatre port\u00e9 avec un tour de taille allant de 63 cm \u00e0 76 cm env.(bien s\u00fbr cela d\u00e9pend de votre morphologie mais le la\u00e7age au dos permet d\u2019ajuster au mieux)<\/p>\n<p>Veuillez noter que si la taille voulu n\u2019est pas en stock, il y a un d\u00e9lai pouvant aller jusqu\u2019\u00e0 2 semaines, vous pouvez \u00e9ventuellement prendre l\u2019option express \u00ab moyen \u00bb pour acc\u00e9l\u00e9rer ce d\u00e9lai et la livraison.<\/p>\n<\/div>\n","protected":false},"featured_media":264,"comment_status":"open","ping_status":"closed","template":"","meta":[],"product_brand":[],"product_cat":[31,42],"product_tag":[],"class_list":{"0":"post-270","1":"product","2":"type-product","3":"status-publish","4":"has-post-thumbnail","6":"product_cat-corsets","7":"product_cat-underbust","9":"first","10":"instock","11":"shipping-taxable","12":"purchasable","13":"product-type-variable"},"jetpack_sharing_enabled":true,"_links":{"self":[{"href":"https:\/\/ethanielle.fr\/index.php\/wp-json\/wp\/v2\/product\/270","targetHints":{"allow":["GET"]}}],"collection":[{"href":"https:\/\/ethanielle.fr\/index.php\/wp-json\/wp\/v2\/product"}],"about":[{"href":"https:\/\/ethanielle.fr\/index.php\/wp-json\/wp\/v2\/types\/product"}],"replies":[{"embeddable":true,"href":"https:\/\/ethanielle.fr\/index.php\/wp-json\/wp\/v2\/comments?post=270"}],"wp:featuredmedia":[{"embeddable":true,"href":"https:\/\/ethanielle.fr\/index.php\/wp-json\/wp\/v2\/media\/264"}],"wp:attachment":[{"href":"https:\/\/ethanielle.fr\/index.php\/wp-json\/wp\/v2\/media?parent=270"}],"wp:term":[{"taxonomy":"product_brand","embeddable":true,"href":"https:\/\/ethanielle.fr\/index.php\/wp-json\/wp\/v2\/product_brand?post=270"},{"taxonomy":"product_cat","embeddable":true,"href":"https:\/\/ethanielle.fr\/index.php\/wp-json\/wp\/v2\/product_cat?post=270"},{"taxonomy":"product_tag","embeddable":true,"href":"https:\/\/ethanielle.fr\/index.php\/wp-json\/wp\/v2\/product_tag?post=270"}],"curies":[{"name":"wp","href":"https:\/\/api.w.org\/{rel}","templated":true}]}}