{"id":255,"date":"2024-10-29T15:43:16","date_gmt":"2024-10-29T14:43:16","guid":{"rendered":"https:\/\/ethanielle.fr\/?post_type=product&#038;p=255"},"modified":"2026-04-19T12:27:37","modified_gmt":"2026-04-19T10:27:37","slug":"underbust-bleu-baroque","status":"publish","type":"product","link":"https:\/\/ethanielle.fr\/index.php\/produit\/underbust-bleu-baroque\/","title":{"rendered":"Underbust Bleu Baroque"},"content":{"rendered":"<p>Fabrication artisanale dans un atelier en Hautes Pyr\u00e9n\u00e9es.<\/p>\n","protected":false},"excerpt":{"rendered":"<div class=\"woocommerce-product-details__short-description\">\n<div class=\"woocommerce-product-details__short-description\">\n<p>Corset underbust (sous poitrine) dans un style \u00ab Baroque\u00bb.<\/p>\n<p>Dans un tissu coton toile de jouy bleu ciel fond blanc. R\u00e9hauss\u00e9 d&rsquo;un biais satin bleu ciel. Broderies baroques sur les devants.<\/p>\n<p>Fermeture \u00e0 Busc devant et la\u00e7age au dos. Hauteur du corset : devant : 26 cm, dos : 19.7 cm.<\/p>\n<p>La taille M mesure environ 86 cm de tour, il pourra \u00eatre port\u00e9 avec un tour de taille allant de 83 cm (comme le mod\u00e8le sur la photo port\u00e9) \u00e0 96 cm environ (bien s\u00fbr cela d\u00e9pend de votre morphologie mais le la\u00e7age au dos permet d\u2019ajuster au mieux)<\/p>\n<p>La taille S mesure environ 65 cm de tour, il pourra \u00eatre port\u00e9 avec un tour de taille allant de 63 cm \u00e0 76 cm env.(bien s\u00fbr cela d\u00e9pend de votre morphologie mais le la\u00e7age au dos permet d\u2019ajuster au mieux)<\/p>\n<p>Veuillez noter que si la taille voulu n&rsquo;est pas en stock, il y a un d\u00e9lai pouvant aller jusqu&rsquo;\u00e0 2 mois, vous pouvez \u00e9ventuellement prendre l&rsquo;option express \u00ab\u00a0moyen\u00a0\u00bb pour acc\u00e9l\u00e9rer ce d\u00e9lai et la livraison.<\/p>\n<\/div>\n<\/div>\n","protected":false},"featured_media":266,"comment_status":"open","ping_status":"closed","template":"","meta":[],"product_brand":[],"product_cat":[31,42],"product_tag":[109,53,67,71,110,108],"class_list":{"0":"post-255","1":"product","2":"type-product","3":"status-publish","4":"has-post-thumbnail","6":"product_cat-corsets","7":"product_cat-underbust","8":"product_tag-baroque","9":"product_tag-broderie","10":"product_tag-corset","11":"product_tag-coton","12":"product_tag-toile-de-jouy","13":"product_tag-underbust","15":"first","16":"outofstock","17":"shipping-taxable","18":"purchasable","19":"product-type-variable"},"jetpack_sharing_enabled":true,"_links":{"self":[{"href":"https:\/\/ethanielle.fr\/index.php\/wp-json\/wp\/v2\/product\/255","targetHints":{"allow":["GET"]}}],"collection":[{"href":"https:\/\/ethanielle.fr\/index.php\/wp-json\/wp\/v2\/product"}],"about":[{"href":"https:\/\/ethanielle.fr\/index.php\/wp-json\/wp\/v2\/types\/product"}],"replies":[{"embeddable":true,"href":"https:\/\/ethanielle.fr\/index.php\/wp-json\/wp\/v2\/comments?post=255"}],"wp:featuredmedia":[{"embeddable":true,"href":"https:\/\/ethanielle.fr\/index.php\/wp-json\/wp\/v2\/media\/266"}],"wp:attachment":[{"href":"https:\/\/ethanielle.fr\/index.php\/wp-json\/wp\/v2\/media?parent=255"}],"wp:term":[{"taxonomy":"product_brand","embeddable":true,"href":"https:\/\/ethanielle.fr\/index.php\/wp-json\/wp\/v2\/product_brand?post=255"},{"taxonomy":"product_cat","embeddable":true,"href":"https:\/\/ethanielle.fr\/index.php\/wp-json\/wp\/v2\/product_cat?post=255"},{"taxonomy":"product_tag","embeddable":true,"href":"https:\/\/ethanielle.fr\/index.php\/wp-json\/wp\/v2\/product_tag?post=255"}],"curies":[{"name":"wp","href":"https:\/\/api.w.org\/{rel}","templated":true}]}}