{"id":159,"date":"2024-10-29T11:38:29","date_gmt":"2024-10-29T10:38:29","guid":{"rendered":"https:\/\/ethanielle.fr\/?post_type=product&#038;p=159"},"modified":"2025-04-12T18:09:38","modified_gmt":"2025-04-12T16:09:38","slug":"banane-sequins","status":"publish","type":"product","link":"https:\/\/ethanielle.fr\/index.php\/produit\/banane-sequins\/","title":{"rendered":"Banane sequins"},"content":{"rendered":"<p>Confectionn\u00e9e en France dans les hautes Pyr\u00e9n\u00e9es, dans un atelier artisanale. Plusieurs couleurs \u00e0 choisir !<\/p>\n","protected":false},"excerpt":{"rendered":"<p>Banane en sequins<br \/>\nL&rsquo;accessoire trop styl\u00e9 \u00e0 avoir dans son dressing. Une super id\u00e9e cadeau ! \u00c0 mi chemin entre la banane et le sac bandouli\u00e8re, sa forme est des plus pratique. Son double curseur vous permettra de l&rsquo;ouvrir facilement que vous soyez gaucher ou droitier ! Pourvu de mousquetons pour accrocher la Sangle celle ci devient interchangeable. Vous pourrez la r\u00e9gler de 59 cm \u00e0 104 cm.<\/p>\n<p>Elle poss\u00e8de \u00e9galement une poche zipp\u00e9e s\u00e9par\u00e9e \u00e0 l&rsquo;arri\u00e8re pour un acc\u00e8s rapide \u00e0 vos clefs ou objet pr\u00e9cieux. Et plusieurs s\u00e9parations \u00e0 l&rsquo;int\u00e9rieur pour pouvoir organiser ses affaires. La doublure int\u00e9rieur est en tissu al\u00e9atoire, de couleur clair qui permet de visualiser plus facilement le contenu de la banane. La taille de la banane d\u00e9pend de la taille choisie.<\/p>\n<p>Vous avez le choix entre 4 tailles de bananes : S\/M\/L\/XL<\/p>\n<p>Tailles approximatives : <strong>S<\/strong> = 36 cm de large \/ 17 cm de hauteur\u00a0 \u00a0 <strong>M<\/strong>= 46 cm de large \/ 18 cm de hauteur\u00a0 \u00a0 \u00a0 \u00a0<strong>L<\/strong>=\u00a0 52 cm de large \/ 20 cm de hauteur \u00a0 <strong>\u00a0XL<\/strong>= 58 cm de large \/ 25 cm de hauteur<\/p>\n<p>Si celle ci n&rsquo;est pas stock elle sera faite \u00e0 la commande (vous pouvez rajouter l&rsquo;option express \u00ab\u00a0moyen\u00a0\u00bb dans la boutique si c&rsquo;est urgent, sinon le d\u00e9lai de confection est entre 5 jours et 2 semaines)<\/p>\n","protected":false},"featured_media":191,"comment_status":"open","ping_status":"closed","template":"","meta":[],"product_brand":[],"product_cat":[27,20,21],"product_tag":[22,25,24,23],"class_list":{"0":"post-159","1":"product","2":"type-product","3":"status-publish","4":"has-post-thumbnail","6":"product_cat-accessoires-mode","7":"product_cat-banane","8":"product_cat-sequins","9":"product_tag-banane","10":"product_tag-brillant","11":"product_tag-sac","12":"product_tag-sequins","14":"first","15":"instock","16":"shipping-taxable","17":"purchasable","18":"product-type-variable"},"jetpack_sharing_enabled":true,"_links":{"self":[{"href":"https:\/\/ethanielle.fr\/index.php\/wp-json\/wp\/v2\/product\/159","targetHints":{"allow":["GET"]}}],"collection":[{"href":"https:\/\/ethanielle.fr\/index.php\/wp-json\/wp\/v2\/product"}],"about":[{"href":"https:\/\/ethanielle.fr\/index.php\/wp-json\/wp\/v2\/types\/product"}],"replies":[{"embeddable":true,"href":"https:\/\/ethanielle.fr\/index.php\/wp-json\/wp\/v2\/comments?post=159"}],"wp:featuredmedia":[{"embeddable":true,"href":"https:\/\/ethanielle.fr\/index.php\/wp-json\/wp\/v2\/media\/191"}],"wp:attachment":[{"href":"https:\/\/ethanielle.fr\/index.php\/wp-json\/wp\/v2\/media?parent=159"}],"wp:term":[{"taxonomy":"product_brand","embeddable":true,"href":"https:\/\/ethanielle.fr\/index.php\/wp-json\/wp\/v2\/product_brand?post=159"},{"taxonomy":"product_cat","embeddable":true,"href":"https:\/\/ethanielle.fr\/index.php\/wp-json\/wp\/v2\/product_cat?post=159"},{"taxonomy":"product_tag","embeddable":true,"href":"https:\/\/ethanielle.fr\/index.php\/wp-json\/wp\/v2\/product_tag?post=159"}],"curies":[{"name":"wp","href":"https:\/\/api.w.org\/{rel}","templated":true}]}}