{"id":36,"date":"2024-10-27T17:09:54","date_gmt":"2024-10-27T16:09:54","guid":{"rendered":"https:\/\/ethanielle.fr\/?page_id=36"},"modified":"2024-11-03T10:59:53","modified_gmt":"2024-11-03T09:59:53","slug":"a-propos","status":"publish","type":"page","link":"https:\/\/ethanielle.fr\/index.php\/a-propos\/","title":{"rendered":"A propos"},"content":{"rendered":"\t\t<div data-elementor-type=\"wp-page\" data-elementor-id=\"36\" class=\"elementor elementor-36\">\n\t\t\t\t<div class=\"elementor-element elementor-element-660f0cb e-flex e-con-boxed e-con e-parent\" data-id=\"660f0cb\" data-element_type=\"container\" data-e-type=\"container\">\n\t\t\t\t\t<div class=\"e-con-inner\">\n\t\t<div class=\"elementor-element elementor-element-ebe902f e-con-full e-flex e-con e-child\" data-id=\"ebe902f\" data-element_type=\"container\" data-e-type=\"container\">\n\t\t\t\t<div class=\"elementor-element elementor-element-80ec213 elementor-widget elementor-widget-text-editor\" data-id=\"80ec213\" data-element_type=\"widget\" data-e-type=\"widget\" data-widget_type=\"text-editor.default\">\n\t\t\t\t<div class=\"elementor-widget-container\">\n\t\t\t\t\t\t\t\t\t<p>Ethanielle est n\u00e9e comme un murmure dans les songes de Christel, une \u00e2me vagabonde qui dansait entre les mondes du r\u00e9el et du merveilleux. Un soir d\u2019hiver, alors que le ciel \u00e9toil\u00e9 semblait toucher la terre, elle sentit l\u2019appel d\u2019un royaume invisible, une contr\u00e9e o\u00f9 chaque couture est une incantation, chaque \u00e9toffe un fragment de r\u00eave, chaque cr\u00e9ation une passerelle vers l\u2019imaginaire. C&rsquo;est l\u00e0 que Christel plongea, laissant son c\u0153ur et ses mains guider la naissance d\u2019Ethanielle.<\/p>\t\t\t\t\t\t\t\t<\/div>\n\t\t\t\t<\/div>\n\t\t\t\t<\/div>\n\t\t<div class=\"elementor-element elementor-element-a5c5ea5 e-con-full e-flex e-con e-child\" data-id=\"a5c5ea5\" data-element_type=\"container\" data-e-type=\"container\">\n\t\t\t\t<div class=\"elementor-element elementor-element-30380c7 elementor-widget elementor-widget-image\" data-id=\"30380c7\" data-element_type=\"widget\" data-e-type=\"widget\" data-widget_type=\"image.default\">\n\t\t\t\t<div class=\"elementor-widget-container\">\n\t\t\t\t\t\t\t\t\t\t\t\t\t\t\t<img fetchpriority=\"high\" decoding=\"async\" width=\"1024\" height=\"1024\" src=\"https:\/\/ethanielle.fr\/wp-content\/uploads\/2024\/10\/ethanielle-logo-cosmos-1-1024x1024.jpg\" class=\"attachment-large size-large wp-image-205\" alt=\"\" srcset=\"https:\/\/ethanielle.fr\/wp-content\/uploads\/2024\/10\/ethanielle-logo-cosmos-1-1024x1024.jpg 1024w, https:\/\/ethanielle.fr\/wp-content\/uploads\/2024\/10\/ethanielle-logo-cosmos-1-300x300.jpg 300w, https:\/\/ethanielle.fr\/wp-content\/uploads\/2024\/10\/ethanielle-logo-cosmos-1-150x150.jpg 150w, https:\/\/ethanielle.fr\/wp-content\/uploads\/2024\/10\/ethanielle-logo-cosmos-1-768x768.jpg 768w, https:\/\/ethanielle.fr\/wp-content\/uploads\/2024\/10\/ethanielle-logo-cosmos-1-1536x1536.jpg 1536w, https:\/\/ethanielle.fr\/wp-content\/uploads\/2024\/10\/ethanielle-logo-cosmos-1-60x60.jpg 60w, https:\/\/ethanielle.fr\/wp-content\/uploads\/2024\/10\/ethanielle-logo-cosmos-1-600x600.jpg 600w, https:\/\/ethanielle.fr\/wp-content\/uploads\/2024\/10\/ethanielle-logo-cosmos-1.jpg 2000w\" sizes=\"(max-width: 1024px) 100vw, 1024px\" \/>\t\t\t\t\t\t\t\t\t\t\t\t\t\t\t<\/div>\n\t\t\t\t<\/div>\n\t\t\t\t<\/div>\n\t\t<div class=\"elementor-element elementor-element-e7b0eb5 e-con-full e-flex e-con e-child\" data-id=\"e7b0eb5\" data-element_type=\"container\" data-e-type=\"container\">\n\t\t\t\t<div class=\"elementor-element elementor-element-f21fd45 elementor-widget elementor-widget-image\" data-id=\"f21fd45\" data-element_type=\"widget\" data-e-type=\"widget\" data-widget_type=\"image.default\">\n\t\t\t\t<div class=\"elementor-widget-container\">\n\t\t\t\t\t\t\t\t\t\t\t\t\t\t\t<img decoding=\"async\" width=\"1080\" height=\"760\" src=\"https:\/\/ethanielle.fr\/wp-content\/uploads\/2024\/11\/ethanielle-couture-main-2-1080x760.jpg\" class=\"attachment-blossom-fashion-slider size-blossom-fashion-slider wp-image-409\" alt=\"\" \/>\t\t\t\t\t\t\t\t\t\t\t\t\t\t\t<\/div>\n\t\t\t\t<\/div>\n\t\t\t\t<\/div>\n\t\t<div class=\"elementor-element elementor-element-fd30bb7 e-con-full e-flex e-con e-child\" data-id=\"fd30bb7\" data-element_type=\"container\" data-e-type=\"container\">\n\t\t\t\t<div class=\"elementor-element elementor-element-476e9c2 elementor-widget elementor-widget-text-editor\" data-id=\"476e9c2\" data-element_type=\"widget\" data-e-type=\"widget\" data-widget_type=\"text-editor.default\">\n\t\t\t\t<div class=\"elementor-widget-container\">\n\t\t\t\t\t\t\t\t\t<p>Au fil des ann\u00e9es, Christel fa\u00e7onna sa magie \u00e0 travers des tissus enchanteurs et des silhouettes empreintes de myst\u00e8re. Elle s&rsquo;inspirait de contes oubli\u00e9s et d\u2019histoires perdues, cherchant sans rel\u00e2che \u00e0 capturer un \u00e9clat d\u2019\u00e9ternit\u00e9 dans chaque v\u00eatement. La couture devint pour elle un art sacr\u00e9, un langage secret qui relie le visible \u00e0 l\u2019invisible. Elle se forma dans les ateliers les plus prestigieux, apprenant les secrets des grands ma\u00eetres de la haute couture. Mais malgr\u00e9 les tr\u00e9sors de savoir-faire qui lui furent d\u00e9voil\u00e9s, elle sentait une petite \u00e9tincelle se perdre, l\u2019appel de la cr\u00e9ation pure se languir.<\/p>\t\t\t\t\t\t\t\t<\/div>\n\t\t\t\t<\/div>\n\t\t\t\t<\/div>\n\t\t\t\t\t<\/div>\n\t\t\t\t<\/div>\n\t\t<div class=\"elementor-element elementor-element-8745bd4 e-flex e-con-boxed e-con e-parent\" data-id=\"8745bd4\" data-element_type=\"container\" data-e-type=\"container\">\n\t\t\t\t\t<div class=\"e-con-inner\">\n\t\t<div class=\"elementor-element elementor-element-189f3ff e-con-full e-flex e-con e-child\" data-id=\"189f3ff\" data-element_type=\"container\" data-e-type=\"container\">\n\t\t\t\t<div class=\"elementor-element elementor-element-898c57d elementor-widget elementor-widget-text-editor\" data-id=\"898c57d\" data-element_type=\"widget\" data-e-type=\"widget\" data-widget_type=\"text-editor.default\">\n\t\t\t\t<div class=\"elementor-widget-container\">\n\t\t\t\t\t\t\t\t\t<p>Alors, un jour, elle ouvrit son propre chemin et donna \u00e0 Ethanielle la libert\u00e9 de s&rsquo;\u00e9panouir. Au d\u00e9part, sa marque n\u2019\u00e9tait qu\u2019un \u00e9cho, une brume l\u00e9g\u00e8re, mais au fil des ann\u00e9es elle trouva son essence. En 2022, elle d\u00e9couvrit la voie qui r\u00e9sonnait profond\u00e9ment en elle, un style unique, forg\u00e9 dans l\u2019authenticit\u00e9 et l\u2019\u00e9motion. Cette vision devint si puissante qu\u2019en 2023, elle devint son monde entier, son \u0153uvre vivante.<\/p><p>Aujourd&rsquo;hui, Ethanielle est bien plus qu&rsquo;une marque ; elle est une invitation \u00e0 entrer dans un royaume o\u00f9 chaque robe et chaque corset ouvre les portes d\u2019un ailleurs, o\u00f9 l\u2019on peut, l\u2019espace d\u2019un instant, se perdre dans la beaut\u00e9 d&rsquo;un r\u00eave \u00e9veill\u00e9.\u00a0<\/p>\t\t\t\t\t\t\t\t<\/div>\n\t\t\t\t<\/div>\n\t\t\t\t<\/div>\n\t\t<div class=\"elementor-element elementor-element-f7bdded e-con-full e-flex e-con e-child\" data-id=\"f7bdded\" data-element_type=\"container\" data-e-type=\"container\">\n\t\t\t\t<div class=\"elementor-element elementor-element-7f5f0db elementor-widget elementor-widget-image\" data-id=\"7f5f0db\" data-element_type=\"widget\" data-e-type=\"widget\" data-widget_type=\"image.default\">\n\t\t\t\t<div class=\"elementor-widget-container\">\n\t\t\t\t\t\t\t\t\t\t\t\t\t\t\t<img decoding=\"async\" width=\"668\" height=\"1024\" src=\"https:\/\/ethanielle.fr\/wp-content\/uploads\/2024\/11\/ethanielle-couture-main-112-668x1024.jpg\" class=\"attachment-large size-large wp-image-425\" alt=\"\" srcset=\"https:\/\/ethanielle.fr\/wp-content\/uploads\/2024\/11\/ethanielle-couture-main-112-668x1024.jpg 668w, https:\/\/ethanielle.fr\/wp-content\/uploads\/2024\/11\/ethanielle-couture-main-112-196x300.jpg 196w, https:\/\/ethanielle.fr\/wp-content\/uploads\/2024\/11\/ethanielle-couture-main-112-768x1177.jpg 768w, https:\/\/ethanielle.fr\/wp-content\/uploads\/2024\/11\/ethanielle-couture-main-112-1003x1536.jpg 1003w, https:\/\/ethanielle.fr\/wp-content\/uploads\/2024\/11\/ethanielle-couture-main-112-39x60.jpg 39w, https:\/\/ethanielle.fr\/wp-content\/uploads\/2024\/11\/ethanielle-couture-main-112-600x919.jpg 600w, https:\/\/ethanielle.fr\/wp-content\/uploads\/2024\/11\/ethanielle-couture-main-112.jpg 1026w\" sizes=\"(max-width: 668px) 100vw, 668px\" \/>\t\t\t\t\t\t\t\t\t\t\t\t\t\t\t<\/div>\n\t\t\t\t<\/div>\n\t\t\t\t<\/div>\n\t\t<div class=\"elementor-element elementor-element-0d0d35c e-con-full e-flex e-con e-child\" data-id=\"0d0d35c\" data-element_type=\"container\" data-e-type=\"container\">\n\t\t\t\t<\/div>\n\t\t\t\t\t<\/div>\n\t\t\t\t<\/div>\n\t\t<div class=\"elementor-element elementor-element-338d7bf e-flex e-con-boxed e-con e-parent\" data-id=\"338d7bf\" data-element_type=\"container\" data-e-type=\"container\">\n\t\t\t\t\t<div class=\"e-con-inner\">\n\t\t<div class=\"elementor-element elementor-element-976648c e-con-full e-flex e-con e-child\" data-id=\"976648c\" data-element_type=\"container\" data-e-type=\"container\">\n\t\t\t\t<div class=\"elementor-element elementor-element-8ed1c0e elementor-shape-rounded elementor-grid-0 e-grid-align-center elementor-widget elementor-widget-social-icons\" data-id=\"8ed1c0e\" data-element_type=\"widget\" data-e-type=\"widget\" data-widget_type=\"social-icons.default\">\n\t\t\t\t<div class=\"elementor-widget-container\">\n\t\t\t\t\t\t\t<div class=\"elementor-social-icons-wrapper elementor-grid\" role=\"list\">\n\t\t\t\t\t\t\t<span class=\"elementor-grid-item\" role=\"listitem\">\n\t\t\t\t\t<a class=\"elementor-icon elementor-social-icon elementor-social-icon-facebook elementor-repeater-item-99e75a2\" href=\"https:\/\/www.facebook.com\/ethaniellecreation\/\" target=\"_blank\">\n\t\t\t\t\t\t<span class=\"elementor-screen-only\">Facebook<\/span>\n\t\t\t\t\t\t<svg aria-hidden=\"true\" class=\"e-font-icon-svg e-fab-facebook\" viewBox=\"0 0 512 512\" xmlns=\"http:\/\/www.w3.org\/2000\/svg\"><path d=\"M504 256C504 119 393 8 256 8S8 119 8 256c0 123.78 90.69 226.38 209.25 245V327.69h-63V256h63v-54.64c0-62.15 37-96.48 93.67-96.48 27.14 0 55.52 4.84 55.52 4.84v61h-31.28c-30.8 0-40.41 19.12-40.41 38.73V256h68.78l-11 71.69h-57.78V501C413.31 482.38 504 379.78 504 256z\"><\/path><\/svg>\t\t\t\t\t<\/a>\n\t\t\t\t<\/span>\n\t\t\t\t\t\t\t<span class=\"elementor-grid-item\" role=\"listitem\">\n\t\t\t\t\t<a class=\"elementor-icon elementor-social-icon elementor-social-icon-instagram elementor-repeater-item-a0921fb\" href=\"https:\/\/www.instagram.com\/ethanielle\/\" target=\"_blank\">\n\t\t\t\t\t\t<span class=\"elementor-screen-only\">Instagram<\/span>\n\t\t\t\t\t\t<svg aria-hidden=\"true\" class=\"e-font-icon-svg e-fab-instagram\" viewBox=\"0 0 448 512\" xmlns=\"http:\/\/www.w3.org\/2000\/svg\"><path d=\"M224.1 141c-63.6 0-114.9 51.3-114.9 114.9s51.3 114.9 114.9 114.9S339 319.5 339 255.9 287.7 141 224.1 141zm0 189.6c-41.1 0-74.7-33.5-74.7-74.7s33.5-74.7 74.7-74.7 74.7 33.5 74.7 74.7-33.6 74.7-74.7 74.7zm146.4-194.3c0 14.9-12 26.8-26.8 26.8-14.9 0-26.8-12-26.8-26.8s12-26.8 26.8-26.8 26.8 12 26.8 26.8zm76.1 27.2c-1.7-35.9-9.9-67.7-36.2-93.9-26.2-26.2-58-34.4-93.9-36.2-37-2.1-147.9-2.1-184.9 0-35.8 1.7-67.6 9.9-93.9 36.1s-34.4 58-36.2 93.9c-2.1 37-2.1 147.9 0 184.9 1.7 35.9 9.9 67.7 36.2 93.9s58 34.4 93.9 36.2c37 2.1 147.9 2.1 184.9 0 35.9-1.7 67.7-9.9 93.9-36.2 26.2-26.2 34.4-58 36.2-93.9 2.1-37 2.1-147.8 0-184.8zM398.8 388c-7.8 19.6-22.9 34.7-42.6 42.6-29.5 11.7-99.5 9-132.1 9s-102.7 2.6-132.1-9c-19.6-7.8-34.7-22.9-42.6-42.6-11.7-29.5-9-99.5-9-132.1s-2.6-102.7 9-132.1c7.8-19.6 22.9-34.7 42.6-42.6 29.5-11.7 99.5-9 132.1-9s102.7-2.6 132.1 9c19.6 7.8 34.7 22.9 42.6 42.6 11.7 29.5 9 99.5 9 132.1s2.7 102.7-9 132.1z\"><\/path><\/svg>\t\t\t\t\t<\/a>\n\t\t\t\t<\/span>\n\t\t\t\t\t<\/div>\n\t\t\t\t\t\t<\/div>\n\t\t\t\t<\/div>\n\t\t\t\t<\/div>\n\t\t<div class=\"elementor-element elementor-element-1a3fbf7 e-con-full e-flex e-con e-child\" data-id=\"1a3fbf7\" data-element_type=\"container\" data-e-type=\"container\">\n\t\t\t\t<div class=\"elementor-element elementor-element-38a9427 elementor-widget elementor-widget-heading\" data-id=\"38a9427\" data-element_type=\"widget\" data-e-type=\"widget\" data-widget_type=\"heading.default\">\n\t\t\t\t<div class=\"elementor-widget-container\">\n\t\t\t\t\t<h2 class=\"elementor-heading-title elementor-size-default\">Contacts<\/h2>\t\t\t\t<\/div>\n\t\t\t\t<\/div>\n\t\t\t\t<div class=\"elementor-element elementor-element-dc5cf26 elementor-widget elementor-widget-text-editor\" data-id=\"dc5cf26\" data-element_type=\"widget\" data-e-type=\"widget\" data-widget_type=\"text-editor.default\">\n\t\t\t\t<div class=\"elementor-widget-container\">\n\t\t\t\t\t\t\t\t\t<p>info@ethanielle.fr<\/p>\t\t\t\t\t\t\t\t<\/div>\n\t\t\t\t<\/div>\n\t\t\t\t<\/div>\n\t\t<div class=\"elementor-element elementor-element-f9176ee e-con-full e-flex e-con e-child\" data-id=\"f9176ee\" data-element_type=\"container\" data-e-type=\"container\">\n\t\t\t\t<\/div>\n\t\t\t\t\t<\/div>\n\t\t\t\t<\/div>\n\t\t\t\t<\/div>\n\t\t","protected":false},"excerpt":{"rendered":"<p>Ethanielle est n\u00e9e comme un murmure dans les songes de Christel, une \u00e2me vagabonde qui dansait entre les mondes du r\u00e9el et du merveilleux. Un soir d\u2019hiver, alors que le ciel \u00e9toil\u00e9 semblait toucher la terre, elle sentit l\u2019appel d\u2019un royaume invisible, une contr\u00e9e o\u00f9 chaque couture est une incantation, chaque \u00e9toffe un fragment de &hellip; <\/p>\n","protected":false},"author":1,"featured_media":205,"parent":0,"menu_order":0,"comment_status":"closed","ping_status":"closed","template":"","meta":{"footnotes":""},"class_list":["post-36","page","type-page","status-publish","has-post-thumbnail","hentry"],"jetpack_sharing_enabled":true,"_links":{"self":[{"href":"https:\/\/ethanielle.fr\/index.php\/wp-json\/wp\/v2\/pages\/36","targetHints":{"allow":["GET"]}}],"collection":[{"href":"https:\/\/ethanielle.fr\/index.php\/wp-json\/wp\/v2\/pages"}],"about":[{"href":"https:\/\/ethanielle.fr\/index.php\/wp-json\/wp\/v2\/types\/page"}],"author":[{"embeddable":true,"href":"https:\/\/ethanielle.fr\/index.php\/wp-json\/wp\/v2\/users\/1"}],"replies":[{"embeddable":true,"href":"https:\/\/ethanielle.fr\/index.php\/wp-json\/wp\/v2\/comments?post=36"}],"version-history":[{"count":18,"href":"https:\/\/ethanielle.fr\/index.php\/wp-json\/wp\/v2\/pages\/36\/revisions"}],"predecessor-version":[{"id":439,"href":"https:\/\/ethanielle.fr\/index.php\/wp-json\/wp\/v2\/pages\/36\/revisions\/439"}],"wp:featuredmedia":[{"embeddable":true,"href":"https:\/\/ethanielle.fr\/index.php\/wp-json\/wp\/v2\/media\/205"}],"wp:attachment":[{"href":"https:\/\/ethanielle.fr\/index.php\/wp-json\/wp\/v2\/media?parent=36"}],"curies":[{"name":"wp","href":"https:\/\/api.w.org\/{rel}","templated":true}]}}